{"id":19553,"date":"2021-01-21T10:03:45","date_gmt":"2021-01-21T09:03:45","guid":{"rendered":"https:\/\/keenitsolutions.com\/products\/wordpress\/braintech\/?page_id=19553"},"modified":"2023-08-30T10:47:46","modified_gmt":"2023-08-30T08:47:46","slug":"onepage-10","status":"publish","type":"page","link":"https:\/\/staging.a2a-expertise.com\/?page_id=19553","title":{"rendered":"E-VISA"},"content":{"rendered":"\t\t<div data-elementor-type=\"wp-page\" data-elementor-id=\"19553\" class=\"elementor elementor-19553\" data-elementor-post-type=\"page\">\n\t\t\t\t\t\t\t\t\t<section class=\"elementor-section elementor-top-section elementor-element elementor-element-459bf933 elementor-section-stretched elementor-section-content-middle elementor-section-boxed elementor-section-height-default elementor-section-height-default\" data-id=\"459bf933\" data-element_type=\"section\" id=\"about\" data-settings=\"{&quot;stretch_section&quot;:&quot;section-stretched&quot;,&quot;background_background&quot;:&quot;classic&quot;}\">\n\t\t\t\t\t\t<div class=\"elementor-container elementor-column-gap-default\">\n\t\t\t\t\t<div class=\"elementor-column elementor-col-50 elementor-top-column elementor-element elementor-element-6ec5a373\" data-id=\"6ec5a373\" data-element_type=\"column\">\n\t\t\t<div class=\"elementor-widget-wrap elementor-element-populated\">\n\t\t\t\t\t\t\t\t<section class=\"elementor-section elementor-inner-section elementor-element elementor-element-38306801 elementor-section-boxed elementor-section-height-default elementor-section-height-default\" data-id=\"38306801\" data-element_type=\"section\">\n\t\t\t\t\t\t<div class=\"elementor-container elementor-column-gap-default\">\n\t\t\t\t\t<div class=\"elementor-column elementor-col-50 elementor-inner-column elementor-element elementor-element-38de7d9d\" data-id=\"38de7d9d\" data-element_type=\"column\">\n\t\t\t<div class=\"elementor-widget-wrap elementor-element-populated\">\n\t\t\t\t\t\t\t\t<div class=\"elementor-element elementor-element-14be3ee2 elementor-widget elementor-widget-rs-iconbox\" data-id=\"14be3ee2\" data-element_type=\"widget\" data-widget_type=\"rs-iconbox.default\">\n\t\t\t\t<div class=\"elementor-widget-container\">\n\t\t\t\t\r\n\t\t<div class=\"rs-iconbox-area \">\r\n\t\t    <div class=\"box-inner\">\r\n\t\t    \t\r\n\t\t    \t\t<div class=\"icon-area \">\r\n\t\t\t    \t\t\r\n\t\t\t    \t\t\t\t\t    \t\t\t<a href=\"#\"><img decoding=\"async\" src=\"https:\/\/keenitsolutions.com\/products\/wordpress\/braintech\/wp-content\/uploads\/2021\/01\/orange.png\" alt=\"image\"\/><\/a>\r\n\t\t\t    \t\t\t\t    \t\t<\/div>\r\n\t\t    \t      \r\n\t\t\t    <div class=\"text-area\">\r\n\t\t\t    \t\t\t\t\t    \t<div class=\"iconbox-title\">\r\n\t\t\t\t    \t\t\t\r\n\t\t\t\t    \t\t\t\t\t\t\t    \t\t\t\r\n\t\t\t\t    \t\t<h4 class=\"title\"> <a href=\"#\"  >1.\tEfficacit\u00e9 Renforc\u00e9e <\/a><\/h4>\r\n\r\n\t\t\t\t    \t\t\t\t\t\t    \t\t\r\n\t\t\t\t    \t<\/div>\r\n\r\n\t\t\t    \t\t\r\n\t\t\t    \t\t\t\t    \t\t<p class=\"services-txt\">  Notre plateforme de visa en ligne offre une approche rationalis\u00e9e pour le traitement des demandes de visa. Les dossiers sont soumis \u00e9lectroniquement, \u00e9liminant ainsi les retards li\u00e9s \u00e0 la paperasserie traditionnelle.<\/p>\t\r\n\t\t\t    \t\t\r\n\t\t\t    <\/div>\r\n\r\n\t\t        \r\n\r\n\t\t\t    \r\n\t\t\t<\/div>\r\n\t\t<\/div>\t\r\n\t\t\t<\/div>\n\t\t\t\t<\/div>\n\t\t\t\t<div class=\"elementor-element elementor-element-4844d27e elementor-widget elementor-widget-rs-iconbox\" data-id=\"4844d27e\" data-element_type=\"widget\" data-widget_type=\"rs-iconbox.default\">\n\t\t\t\t<div class=\"elementor-widget-container\">\n\t\t\t\t\r\n\t\t<div class=\"rs-iconbox-area \">\r\n\t\t    <div class=\"box-inner\">\r\n\t\t    \t\r\n\t\t    \t\t<div class=\"icon-area \">\r\n\t\t\t    \t\t\r\n\t\t\t    \t\t\t\t\t    \t\t\t<a href=\"#\"><img decoding=\"async\" src=\"https:\/\/keenitsolutions.com\/products\/wordpress\/braintech\/wp-content\/uploads\/2021\/01\/analytics.png\" alt=\"image\"\/><\/a>\r\n\t\t\t    \t\t\t\t    \t\t<\/div>\r\n\t\t    \t      \r\n\t\t\t    <div class=\"text-area\">\r\n\t\t\t    \t\t\t\t\t    \t<div class=\"iconbox-title\">\r\n\t\t\t\t    \t\t\t\r\n\t\t\t\t    \t\t\t\t\t\t\t    \t\t\t\r\n\t\t\t\t    \t\t<h4 class=\"title\"> <a href=\"#\"  >3.\tPersonnalisation et Flexibilit\u00e9 <\/a><\/h4>\r\n\r\n\t\t\t\t    \t\t\t\t\t\t    \t\t\r\n\t\t\t\t    \t<\/div>\r\n\r\n\t\t\t    \t\t\r\n\t\t\t    \t\t\t\t    \t\t<p class=\"services-txt\">  Notre plateforme s'adapte \u00e0 vos besoins sp\u00e9cifiques. Vous pouvez personnaliser les exigences pour chaque type de visa et acc\u00e9der \u00e0 des informations cl\u00e9s pour prendre des d\u00e9cisions \u00e9clair\u00e9es.<\/p>\t\r\n\t\t\t    \t\t\r\n\t\t\t    <\/div>\r\n\r\n\t\t        \r\n\r\n\t\t\t    \r\n\t\t\t<\/div>\r\n\t\t<\/div>\t\r\n\t\t\t<\/div>\n\t\t\t\t<\/div>\n\t\t\t\t\t<\/div>\n\t\t<\/div>\n\t\t\t\t<div class=\"elementor-column elementor-col-50 elementor-inner-column elementor-element elementor-element-394fda6a\" data-id=\"394fda6a\" data-element_type=\"column\">\n\t\t\t<div class=\"elementor-widget-wrap elementor-element-populated\">\n\t\t\t\t\t\t\t\t<div class=\"elementor-element elementor-element-3c0f9e0f elementor-widget elementor-widget-rs-iconbox\" data-id=\"3c0f9e0f\" data-element_type=\"widget\" data-widget_type=\"rs-iconbox.default\">\n\t\t\t\t<div class=\"elementor-widget-container\">\n\t\t\t\t\r\n\t\t<div class=\"rs-iconbox-area \">\r\n\t\t    <div class=\"box-inner\">\r\n\t\t    \t\r\n\t\t    \t\t<div class=\"icon-area \">\r\n\t\t\t    \t\t\r\n\t\t\t    \t\t\t\t\t    \t\t\t<a href=\"#\"><img decoding=\"async\" src=\"https:\/\/keenitsolutions.com\/products\/wordpress\/braintech\/wp-content\/uploads\/2021\/01\/bug.png\" alt=\"image\"\/><\/a>\r\n\t\t\t    \t\t\t\t    \t\t<\/div>\r\n\t\t    \t      \r\n\t\t\t    <div class=\"text-area\">\r\n\t\t\t    \t\t\t\t\t    \t<div class=\"iconbox-title\">\r\n\t\t\t\t    \t\t\t\r\n\t\t\t\t    \t\t\t\t\t\t\t    \t\t\t\r\n\t\t\t\t    \t\t<h4 class=\"title\"> <a href=\"#\"  >2.\tS\u00e9curit\u00e9 de Premier Ordre <\/a><\/h4>\r\n\r\n\t\t\t\t    \t\t\t\t\t\t    \t\t\r\n\t\t\t\t    \t<\/div>\r\n\r\n\t\t\t    \t\t\r\n\t\t\t    \t\t\t\t    \t\t<p class=\"services-txt\">  La s\u00e9curit\u00e9 reste au c\u0153ur de notre solution. Nous avons mis en place des mesures de s\u00e9curit\u00e9 robustes, y compris des protocoles de cryptage avanc\u00e9s, pour garantir que les donn\u00e9es sensibles des demandeurs de visa sont prot\u00e9g\u00e9es.<\/p>\t\r\n\t\t\t    \t\t\r\n\t\t\t    <\/div>\r\n\r\n\t\t        \r\n\r\n\t\t\t    \r\n\t\t\t<\/div>\r\n\t\t<\/div>\t\r\n\t\t\t<\/div>\n\t\t\t\t<\/div>\n\t\t\t\t<div class=\"elementor-element elementor-element-1af8a3c7 elementor-widget elementor-widget-rs-iconbox\" data-id=\"1af8a3c7\" data-element_type=\"widget\" data-widget_type=\"rs-iconbox.default\">\n\t\t\t\t<div class=\"elementor-widget-container\">\n\t\t\t\t\r\n\t\t<div class=\"rs-iconbox-area \">\r\n\t\t    <div class=\"box-inner\">\r\n\t\t    \t\r\n\t\t    \t\t<div class=\"icon-area \">\r\n\t\t\t    \t\t\r\n\t\t\t    \t\t\t\t\t    \t\t\t<a href=\"#\"><img decoding=\"async\" src=\"https:\/\/keenitsolutions.com\/products\/wordpress\/braintech\/wp-content\/uploads\/2021\/01\/support.png\" alt=\"image\"\/><\/a>\r\n\t\t\t    \t\t\t\t    \t\t<\/div>\r\n\t\t    \t      \r\n\t\t\t    <div class=\"text-area\">\r\n\t\t\t    \t\t\t\t\t    \t<div class=\"iconbox-title\">\r\n\t\t\t\t    \t\t\t\r\n\t\t\t\t    \t\t\t\t\t\t\t    \t\t\t\r\n\t\t\t\t    \t\t<h4 class=\"title\"> <a href=\"#\"  >4.\tSuivi Transparent <\/a><\/h4>\r\n\r\n\t\t\t\t    \t\t\t\t\t\t    \t\t\r\n\t\t\t\t    \t<\/div>\r\n\r\n\t\t\t    \t\t\r\n\t\t\t    \t\t\t\t    \t\t<p class=\"services-txt\">  Suivez en temps r\u00e9el l'\u00e9tat des demandes de visa, recevez des notifications \u00e0 chaque \u00e9tape du processus et acc\u00e9dez \u00e0 des rapports statistiques pour une analyse approfondie.<\/p>\t\r\n\t\t\t    \t\t\r\n\t\t\t    <\/div>\r\n\r\n\t\t        \r\n\r\n\t\t\t    \r\n\t\t\t<\/div>\r\n\t\t<\/div>\t\r\n\t\t\t<\/div>\n\t\t\t\t<\/div>\n\t\t\t\t\t<\/div>\n\t\t<\/div>\n\t\t\t\t\t\t\t<\/div>\n\t\t<\/section>\n\t\t\t\t\t<\/div>\n\t\t<\/div>\n\t\t\t\t<div class=\"elementor-column elementor-col-50 elementor-top-column elementor-element elementor-element-6353e542\" data-id=\"6353e542\" data-element_type=\"column\">\n\t\t\t<div class=\"elementor-widget-wrap elementor-element-populated\">\n\t\t\t\t\t\t\t\t<div class=\"elementor-element elementor-element-19106122 elementor-widget elementor-widget-rs-heading\" data-id=\"19106122\" data-element_type=\"widget\" data-widget_type=\"rs-heading.default\">\n\t\t\t\t<div class=\"elementor-widget-container\">\n\t\t\t        <div class=\"rs-heading default left \">\r\n        \t<div class=\"title-inner\">        \t\t      \t\t\r\n\t            <span class=\"sub-text \">Faciliter Les D\u00e9marches<\/span><h2 class=\"title\"><span class=\"watermark\"><\/span>Les Caract\u00e9ristiques de Notre Solution <\/h2>\t\t\t\t\t        <\/div>\r\n\t                    \t<div class=\"description\">\r\n            \t\t<p>En tant qu'ambassade ou entit\u00e9 \u00e9tatique, nous comprenons l'importance de garantir des proc\u00e9dures efficaces tout en maintenant la s\u00e9curit\u00e9 et l'int\u00e9grit\u00e9 des fronti\u00e8res.<br \/>C'est pourquoi chez A2A Expertise nous avons con\u00e7u en partenariat avec de nombreuses ambassades la solution E-VISA.<\/p><p>Simplifiez et acc\u00e9l\u00e9rez\u00a0 avec nous le processus d'obtention de visas gr\u00e2ce \u00e0 notre solution s\u00e9curis\u00e9e, facile d'utilisation et enti\u00e8rement param\u00e9trable.\u00a0<\/p>            \t\t\r\n            \t<\/div>\r\n        \t        <\/div>\r\n\r\n        \t\t<\/div>\n\t\t\t\t<\/div>\n\t\t\t\t<div class=\"elementor-element elementor-element-718e5d57 elementor-widget elementor-widget-rs-progress\" data-id=\"718e5d57\" data-element_type=\"widget\" data-widget_type=\"rs-progress.default\">\n\t\t\t\t<div class=\"elementor-widget-container\">\n\t\t\t\n\t\t<div class=\"rs-skill-bar basic  style3\"> \n            <div class=\"skillbar\" data-percent=\"100\"> \n                <span class=\"skillbar-title\">Simplification des d\u00e9marches pour les citoyens<\/span>\n\n                <p class=\"skillbar-bar\">\n\n                                \t\t\t            \n\n                <\/p>\n                  \n\n            <\/div>\n        <\/div>\n\n        <script type=\"text\/javascript\">\t\t\t\n\t\t\tjQuery(document).ready(function(){\n\t\t\t\tjQuery('.skillbar').skillBars({  \n\t\t            from: 0,    \n\t\t            speed: 4000,    \n\t\t            interval: 100,  \n\t\t            decimals: 0,    \n\t\t        });\n\t\t\t});\n\t\t<\/script>\n\n\t\t\t\t<\/div>\n\t\t\t\t<\/div>\n\t\t\t\t<div class=\"elementor-element elementor-element-632f0ad4 elementor-widget elementor-widget-rs-progress\" data-id=\"632f0ad4\" data-element_type=\"widget\" data-widget_type=\"rs-progress.default\">\n\t\t\t\t<div class=\"elementor-widget-container\">\n\t\t\t\n\t\t<div class=\"rs-skill-bar basic  style3\"> \n            <div class=\"skillbar\" data-percent=\"100\"> \n                <span class=\"skillbar-title\">Gestion\u00a0d\u2019agenda et possibilit\u00e9 d\u2019entretien visio<\/span>\n\n                <p class=\"skillbar-bar\">\n\n                                \t\t\t            \n\n                <\/p>\n                  \n\n            <\/div>\n        <\/div>\n\n        <script type=\"text\/javascript\">\t\t\t\n\t\t\tjQuery(document).ready(function(){\n\t\t\t\tjQuery('.skillbar').skillBars({  \n\t\t            from: 0,    \n\t\t            speed: 4000,    \n\t\t            interval: 100,  \n\t\t            decimals: 0,    \n\t\t        });\n\t\t\t});\n\t\t<\/script>\n\n\t\t\t\t<\/div>\n\t\t\t\t<\/div>\n\t\t\t\t<div class=\"elementor-element elementor-element-1254c1b4 elementor-widget elementor-widget-rs-progress\" data-id=\"1254c1b4\" data-element_type=\"widget\" data-widget_type=\"rs-progress.default\">\n\t\t\t\t<div class=\"elementor-widget-container\">\n\t\t\t\n\t\t<div class=\"rs-skill-bar basic  style3\"> \n            <div class=\"skillbar\" data-percent=\"100\"> \n                <span class=\"skillbar-title\">S\u00e9curisation du visa d\u00e9livr\u00e9s\u00a0: tra\u00e7abilit\u00e9 et anti-contrefa\u00e7on, ...<\/span>\n\n                <p class=\"skillbar-bar\">\n\n                                \t\t\t            \n\n                <\/p>\n                  \n\n            <\/div>\n        <\/div>\n\n        <script type=\"text\/javascript\">\t\t\t\n\t\t\tjQuery(document).ready(function(){\n\t\t\t\tjQuery('.skillbar').skillBars({  \n\t\t            from: 0,    \n\t\t            speed: 4000,    \n\t\t            interval: 100,  \n\t\t            decimals: 0,    \n\t\t        });\n\t\t\t});\n\t\t<\/script>\n\n\t\t\t\t<\/div>\n\t\t\t\t<\/div>\n\t\t\t\t<div class=\"elementor-element elementor-element-d7baf5a elementor-widget elementor-widget-rs-iconbox\" data-id=\"d7baf5a\" data-element_type=\"widget\" data-widget_type=\"rs-iconbox.default\">\n\t\t\t\t<div class=\"elementor-widget-container\">\n\t\t\t\t\r\n\t\t<div class=\"rs-iconbox-area \">\r\n\t\t    <div class=\"box-inner\">\r\n\t\t    \t\r\n\t\t    \t\t<div class=\"icon-area \">\r\n\t\t\t    \t\t\r\n\t\t\t    \t\t\t\t\t    \t\t\t<a href=\"#\"><img decoding=\"async\" src=\"https:\/\/staging.a2a-expertise.com\/wp-content\/uploads\/2021\/01\/blue.png\" alt=\"image\"\/><\/a>\r\n\t\t\t    \t\t\t\t    \t\t<\/div>\r\n\t\t    \t      \r\n\t\t\t    <div class=\"text-area\">\r\n\t\t\t    \t\t\t\t\t    \t<div class=\"iconbox-title\">\r\n\t\t\t\t    \t\t\t\r\n\t\t\t\t    \t\t\t\t\t\t\t    \t\t\t\r\n\t\t\t\t    \t\t<h4 class=\"title\"> <a href=\"#\"  >5.\tAssistance Expert <\/a><\/h4>\r\n\r\n\t\t\t\t    \t\t\t\t\t\t    \t\t\r\n\t\t\t\t    \t<\/div>\r\n\r\n\t\t\t    \t\t\r\n\t\t\t    \t\t\t\t    \t\t<p class=\"services-txt\">  Notre \u00e9quipe d\u00e9vou\u00e9e est disponible pour fournir un soutien continu, r\u00e9pondre \u00e0 vos questions et collaborer pour am\u00e9liorer constamment l'exp\u00e9rience de la demande de visa.<\/p>\t\r\n\t\t\t    \t\t\r\n\t\t\t    <\/div>\r\n\r\n\t\t        \r\n\r\n\t\t\t    \r\n\t\t\t<\/div>\r\n\t\t<\/div>\t\r\n\t\t\t<\/div>\n\t\t\t\t<\/div>\n\t\t\t\t\t<\/div>\n\t\t<\/div>\n\t\t\t\t\t\t\t<\/div>\n\t\t<\/section>\n\t\t\t\t<section class=\"elementor-section elementor-top-section elementor-element elementor-element-42d332e elementor-section-full_width elementor-section-stretched elementor-section-height-default elementor-section-height-default\" data-id=\"42d332e\" data-element_type=\"section\" data-settings=\"{&quot;stretch_section&quot;:&quot;section-stretched&quot;,&quot;background_background&quot;:&quot;gradient&quot;,&quot;shape_divider_top&quot;:&quot;triangle-asymmetrical&quot;,&quot;shape_divider_top_negative&quot;:&quot;yes&quot;}\">\n\t\t\t\t\t<div class=\"elementor-shape elementor-shape-top\" data-negative=\"true\">\n\t\t\t<svg xmlns=\"http:\/\/www.w3.org\/2000\/svg\" viewBox=\"0 0 1000 100\" preserveAspectRatio=\"none\">\n\t<path class=\"elementor-shape-fill\" d=\"M737.9,94.7L0,0v100h1000V0L737.9,94.7z\"\/>\n<\/svg>\t\t<\/div>\n\t\t\t\t\t<div class=\"elementor-container elementor-column-gap-default\">\n\t\t\t\t\t<div class=\"elementor-column elementor-col-100 elementor-top-column elementor-element elementor-element-9db7928\" data-id=\"9db7928\" data-element_type=\"column\">\n\t\t\t<div class=\"elementor-widget-wrap elementor-element-populated\">\n\t\t\t\t\t\t\t\t<section class=\"elementor-section elementor-inner-section elementor-element elementor-element-9fac168 elementor-section-content-middle elementor-section-boxed elementor-section-height-default elementor-section-height-default\" data-id=\"9fac168\" data-element_type=\"section\">\n\t\t\t\t\t\t<div class=\"elementor-container elementor-column-gap-default\">\n\t\t\t\t\t<div class=\"elementor-column elementor-col-50 elementor-inner-column elementor-element elementor-element-b4e1ab6\" data-id=\"b4e1ab6\" data-element_type=\"column\">\n\t\t\t<div class=\"elementor-widget-wrap elementor-element-populated\">\n\t\t\t\t\t\t\t\t<div class=\"elementor-element elementor-element-c04773d elementor-widget__width-inherit elementor-widget elementor-widget-rs-image-shabe-animation-effect\" data-id=\"c04773d\" data-element_type=\"widget\" data-widget_type=\"rs-image-shabe-animation-effect.default\">\n\t\t\t\t<div class=\"elementor-widget-container\">\n\t\t\t\n        <div class=\"rs-animation-shape-image\">\n\n                            <div class=\"pattern\">\n                    <img decoding=\"async\" class=\"scale2\" src=\"https:\/\/keenitsolutions.com\/products\/wordpress\/braintech\/wp-content\/uploads\/2020\/11\/about-effect-1.png\" alt=\"image\"\/>\n                <\/div>\n            \n\n                            <div class=\"middle-image\">\n                    <img decoding=\"async\" src=\"https:\/\/staging.a2a-expertise.com\/wp-content\/uploads\/2023\/08\/Visa-Sticker-Site.png\" alt=\"image\"\/>\n                <\/div>\n            \n\n                            <div class=\"shape\">\n                    <img decoding=\"async\" class=\"dance\" src=\"https:\/\/keenitsolutions.com\/products\/wordpress\/braintech\/wp-content\/uploads\/2020\/12\/dotted-3.png\" alt=\"image\"\/>\n                <\/div>\n            \n\n            \n\n\n        <\/div>      \n    \t\t<\/div>\n\t\t\t\t<\/div>\n\t\t\t\t\t<\/div>\n\t\t<\/div>\n\t\t\t\t<div class=\"elementor-column elementor-col-50 elementor-inner-column elementor-element elementor-element-cac50f7\" data-id=\"cac50f7\" data-element_type=\"column\">\n\t\t\t<div class=\"elementor-widget-wrap elementor-element-populated\">\n\t\t\t\t\t\t\t\t<div class=\"elementor-element elementor-element-30f4d87 elementor-widget elementor-widget-rs-heading\" data-id=\"30f4d87\" data-element_type=\"widget\" data-widget_type=\"rs-heading.default\">\n\t\t\t\t<div class=\"elementor-widget-container\">\n\t\t\t        <div class=\"rs-heading style15  \">\r\n        \t<div class=\"title-inner\">        \t\t      \t\t\r\n\t            <span class=\"sub-text \">STICKER VISA<\/span><h2 class=\"title\"><span class=\"watermark\"><\/span>Une maitrise compl\u00e8te de l'ensemble de la chaine<\/h2>\t\t\t\t\t        <\/div>\r\n\t                    \t<div class=\"description\">\r\n            \t\t<p>Pour un processus compl\u00e8tement int\u00e9gr\u00e9 et totalement s\u00e9curis\u00e9, nous concevons et produisons pour vous vos stickers de visa sur la base des normes internationales OACI.<\/p>            \t\t\r\n            \t<\/div>\r\n        \t        <\/div>\r\n\r\n        \t\t<\/div>\n\t\t\t\t<\/div>\n\t\t\t\t<div class=\"elementor-element elementor-element-efb03a2 elementor-widget elementor-widget-text-editor\" data-id=\"efb03a2\" data-element_type=\"widget\" data-widget_type=\"text-editor.default\">\n\t\t\t\t<div class=\"elementor-widget-container\">\n\t\t\t<style>\/*! elementor - v3.15.0 - 20-08-2023 *\/\n.elementor-widget-text-editor.elementor-drop-cap-view-stacked .elementor-drop-cap{background-color:#69727d;color:#fff}.elementor-widget-text-editor.elementor-drop-cap-view-framed .elementor-drop-cap{color:#69727d;border:3px solid;background-color:transparent}.elementor-widget-text-editor:not(.elementor-drop-cap-view-default) .elementor-drop-cap{margin-top:8px}.elementor-widget-text-editor:not(.elementor-drop-cap-view-default) .elementor-drop-cap-letter{width:1em;height:1em}.elementor-widget-text-editor .elementor-drop-cap{float:left;text-align:center;line-height:1;font-size:50px}.elementor-widget-text-editor .elementor-drop-cap-letter{display:inline-block}<\/style>\t\t\t\t<p><span style=\"color: #333333;\"><strong>Pour le Citoyen, comment \u00e7a marche :<\/strong><\/span><\/p><ol><li><span style=\"color: #333333;\"><strong>Inscription :<\/strong> Rendez-vous sur notre plateforme s\u00e9curis\u00e9e et fournissez les informations de base n\u00e9cessaires.<\/span><\/li><li><span style=\"color: #333333;\"><strong>S\u00e9lection du Visa :<\/strong> Choisissez le type de visa correspondant \u00e0 votre voyage, que ce soit pour le tourisme, les affaires, les \u00e9tudes ou d&#8217;autres raisons.<\/span><\/li><li><span style=\"color: #333333;\"><strong>Remplissage du Formulaire :<\/strong> Remplissez le formulaire de demande en ligne avec les d\u00e9tails requis et t\u00e9l\u00e9chargez les documents pertinents.<\/span><\/li><li><span style=\"color: #333333;\"><strong>Paiement :<\/strong> Effectuez le paiement en ligne de mani\u00e8re s\u00e9curis\u00e9e via nos options de paiement fiables.<\/span><\/li><li><span style=\"color: #333333;\"><strong>Traitement :<\/strong> Notre \u00e9quipe examinera votre demande, vous tiendra inform\u00e9 en cas de besoin de documents suppl\u00e9mentaires et travaillera pour obtenir votre visa dans les d\u00e9lais les plus courts possibles.<\/span><\/li><\/ol>\t\t\t\t\t\t<\/div>\n\t\t\t\t<\/div>\n\t\t\t\t<div class=\"elementor-element elementor-element-1e3c98c elementor-widget elementor-widget-rs-button\" data-id=\"1e3c98c\" data-element_type=\"widget\" data-widget_type=\"rs-button.default\">\n\t\t\t\t<div class=\"elementor-widget-container\">\n\t\t\t\t\r\n\t\t\r\n\t\t\t\t\t<div class=\"rs-btn\">\r\n\t\t\t\t\t\t\t\t<a class=\"readon rs_button\" href=\"https:\/\/staging.a2a-expertise.com\/?page_id=21595\" >\t\t\t\t\r\n\t\t\t\t\t<span class=\"btn_text\">Contactez-Nous<\/span>\r\n\t\t\t\t\t\t\t\t\t<\/a>\r\n\t\t\t<\/div> \r\n\t\t   \r\n\t\t\t<\/div>\n\t\t\t\t<\/div>\n\t\t\t\t\t<\/div>\n\t\t<\/div>\n\t\t\t\t\t\t\t<\/div>\n\t\t<\/section>\n\t\t\t\t\t<\/div>\n\t\t<\/div>\n\t\t\t\t\t\t\t<\/div>\n\t\t<\/section>\n\t\t\t\t\t\t\t<\/div>\n\t\t","protected":false},"excerpt":{"rendered":"<p>1. Efficacit\u00e9 Renforc\u00e9e Notre plateforme de visa en ligne offre une approche rationalis\u00e9e pour le traitement des demandes de visa. Les dossiers sont soumis \u00e9lectroniquement, \u00e9liminant ainsi les retards li\u00e9s \u00e0 la paperasserie traditionnelle. 3. Personnalisation et Flexibilit\u00e9 Notre plateforme s&#8217;adapte \u00e0 vos besoins sp\u00e9cifiques. Vous pouvez personnaliser les exigences pour chaque type de visa&#8230;<\/p>\n","protected":false},"author":1,"featured_media":0,"parent":0,"menu_order":0,"comment_status":"closed","ping_status":"closed","template":"","meta":{"_monsterinsights_skip_tracking":false,"_monsterinsights_sitenote_active":false,"_monsterinsights_sitenote_note":"","_monsterinsights_sitenote_category":0,"footnotes":""},"class_list":["post-19553","page","type-page","status-publish","hentry"],"aioseo_notices":[],"_links":{"self":[{"href":"https:\/\/staging.a2a-expertise.com\/index.php?rest_route=\/wp\/v2\/pages\/19553","targetHints":{"allow":["GET"]}}],"collection":[{"href":"https:\/\/staging.a2a-expertise.com\/index.php?rest_route=\/wp\/v2\/pages"}],"about":[{"href":"https:\/\/staging.a2a-expertise.com\/index.php?rest_route=\/wp\/v2\/types\/page"}],"author":[{"embeddable":true,"href":"https:\/\/staging.a2a-expertise.com\/index.php?rest_route=\/wp\/v2\/users\/1"}],"replies":[{"embeddable":true,"href":"https:\/\/staging.a2a-expertise.com\/index.php?rest_route=%2Fwp%2Fv2%2Fcomments&post=19553"}],"version-history":[{"count":110,"href":"https:\/\/staging.a2a-expertise.com\/index.php?rest_route=\/wp\/v2\/pages\/19553\/revisions"}],"predecessor-version":[{"id":26009,"href":"https:\/\/staging.a2a-expertise.com\/index.php?rest_route=\/wp\/v2\/pages\/19553\/revisions\/26009"}],"wp:attachment":[{"href":"https:\/\/staging.a2a-expertise.com\/index.php?rest_route=%2Fwp%2Fv2%2Fmedia&parent=19553"}],"curies":[{"name":"wp","href":"https:\/\/api.w.org\/{rel}","templated":true}]}}