{"id":12164,"date":"2020-11-24T12:01:57","date_gmt":"2020-11-24T12:01:57","guid":{"rendered":"http:\/\/192.168.0.108\/braintech\/?page_id=12164"},"modified":"2023-08-30T08:56:14","modified_gmt":"2023-08-30T06:56:14","slug":"about","status":"publish","type":"page","link":"https:\/\/staging.a2a-expertise.com\/?page_id=12164","title":{"rendered":"A Propos de A2A Expertise"},"content":{"rendered":"\t\t<div data-elementor-type=\"wp-page\" data-elementor-id=\"12164\" class=\"elementor elementor-12164\" data-elementor-post-type=\"page\">\n\t\t\t\t\t\t\t\t\t<section class=\"elementor-section elementor-top-section elementor-element elementor-element-b3a7298 elementor-section-full_width elementor-section-stretched elementor-section-height-default elementor-section-height-default\" data-id=\"b3a7298\" data-element_type=\"section\" data-settings=\"{&quot;stretch_section&quot;:&quot;section-stretched&quot;,&quot;background_background&quot;:&quot;classic&quot;}\">\n\t\t\t\t\t\t<div class=\"elementor-container elementor-column-gap-default\">\n\t\t\t\t\t<div class=\"elementor-column elementor-col-100 elementor-top-column elementor-element elementor-element-5fcc27b\" data-id=\"5fcc27b\" data-element_type=\"column\">\n\t\t\t<div class=\"elementor-widget-wrap elementor-element-populated\">\n\t\t\t\t\t\t\t\t<section class=\"elementor-section elementor-inner-section elementor-element elementor-element-f68885f elementor-section-content-middle elementor-section-boxed elementor-section-height-default elementor-section-height-default\" data-id=\"f68885f\" data-element_type=\"section\">\n\t\t\t\t\t\t<div class=\"elementor-container elementor-column-gap-default\">\n\t\t\t\t\t<div class=\"elementor-column elementor-col-50 elementor-inner-column elementor-element elementor-element-c2c1fb8\" data-id=\"c2c1fb8\" data-element_type=\"column\" data-settings=\"{&quot;background_background&quot;:&quot;slideshow&quot;,&quot;background_slideshow_gallery&quot;:[{&quot;id&quot;:13554,&quot;url&quot;:&quot;https:\\\/\\\/staging.a2a-expertise.com\\\/wp-content\\\/uploads\\\/2020\\\/11\\\/contact-here.png&quot;}],&quot;background_slideshow_loop&quot;:&quot;yes&quot;,&quot;background_slideshow_slide_duration&quot;:5000,&quot;background_slideshow_slide_transition&quot;:&quot;fade&quot;,&quot;background_slideshow_transition_duration&quot;:500}\">\n\t\t\t<div class=\"elementor-widget-wrap\">\n\t\t\t\t\t\t\t\t\t<\/div>\n\t\t<\/div>\n\t\t\t\t<div class=\"elementor-column elementor-col-50 elementor-inner-column elementor-element elementor-element-cc40be7\" data-id=\"cc40be7\" data-element_type=\"column\">\n\t\t\t<div class=\"elementor-widget-wrap elementor-element-populated\">\n\t\t\t\t\t\t\t\t<div class=\"elementor-element elementor-element-273e746 elementor-widget elementor-widget-rs-heading\" data-id=\"273e746\" data-element_type=\"widget\" data-widget_type=\"rs-heading.default\">\n\t\t\t\t<div class=\"elementor-widget-container\">\n\t\t\t        <div class=\"rs-heading style15  \">\r\n        \t<div class=\"title-inner\">        \t\t      \t\t\r\n\t            <span class=\"sub-text \">QUI SOMMES NOUS ?<\/span><h2 class=\"title\"><span class=\"watermark\"><\/span>Notre expertise au service de la r\u00e9ussite vos entreprises<\/h2>\t\t\t\t\t        <\/div>\r\n\t                    \t<div class=\"description\">\r\n            \t\t<p>Bienvenue chez A2A EXPERTISE, votre partenaire en solutions informatiques et en consultation technologique. Depuis notre fondation en 2018, nous nous sommes engag\u00e9s \u00e0 aider les entreprises \u00e0 naviguer avec succ\u00e8s dans le paysage num\u00e9rique en constante \u00e9volution.<\/p>            \t\t\r\n            \t<\/div>\r\n        \t        <\/div>\r\n\r\n        \t\t<\/div>\n\t\t\t\t<\/div>\n\t\t\t\t<div class=\"elementor-element elementor-element-5af0194 elementor-widget elementor-widget-text-editor\" data-id=\"5af0194\" data-element_type=\"widget\" data-widget_type=\"text-editor.default\">\n\t\t\t\t<div class=\"elementor-widget-container\">\n\t\t\t<style>\/*! elementor - v3.15.0 - 20-08-2023 *\/\n.elementor-widget-text-editor.elementor-drop-cap-view-stacked .elementor-drop-cap{background-color:#69727d;color:#fff}.elementor-widget-text-editor.elementor-drop-cap-view-framed .elementor-drop-cap{color:#69727d;border:3px solid;background-color:transparent}.elementor-widget-text-editor:not(.elementor-drop-cap-view-default) .elementor-drop-cap{margin-top:8px}.elementor-widget-text-editor:not(.elementor-drop-cap-view-default) .elementor-drop-cap-letter{width:1em;height:1em}.elementor-widget-text-editor .elementor-drop-cap{float:left;text-align:center;line-height:1;font-size:50px}.elementor-widget-text-editor .elementor-drop-cap-letter{display:inline-block}<\/style>\t\t\t\t<p><strong>Notre Mission<\/strong><\/p><p>Notre mission est de fournir des solutions technologiques innovantes et sur mesure qui aident nos clients \u00e0 optimiser leur efficacit\u00e9 op\u00e9rationnelle, \u00e0 stimuler leur croissance et \u00e0 atteindre leurs objectifs commerciaux. Nous croyons en une approche centr\u00e9e sur le client, en \u00e9coutant attentivement leurs besoins uniques et en concevant des solutions adapt\u00e9es.<\/p><p><strong>Notre Expertise<\/strong><\/p><p>Avec une \u00e9quipe de professionnels hautement qualifi\u00e9s et exp\u00e9riment\u00e9s dans divers domaines de l&#8217;informatique et de la technologie, nous sommes en mesure de fournir une gamme compl\u00e8te de services de consulting. De la gestion de projet \u00e0 la mise en \u0153uvre de solutions technologiques avanc\u00e9es, nous couvrons tous les aspects n\u00e9cessaires pour r\u00e9pondre aux d\u00e9fis complexes de nos clients.<\/p><p><strong>Nos Valeurs<\/strong><\/p><p>L&#8217;int\u00e9grit\u00e9, l&#8217;innovation et l&#8217;excellence sont au c\u0153ur de tout ce que nous faisons. Nous croyons en la transparence dans nos relations avec les clients, en recherchant constamment de nouvelles fa\u00e7ons de r\u00e9soudre les probl\u00e8mes et en fournissant des r\u00e9sultats de la plus haute qualit\u00e9.<\/p><p><strong>Notre Engagement<\/strong><\/p><p>Chez A2A EXPERTISE, nous ne nous consid\u00e9rons pas simplement comme des prestataires de services, mais comme des partenaires de confiance pour nos clients. Nous nous engageons \u00e0 comprendre leurs objectifs, \u00e0 collaborer \u00e9troitement avec eux tout au long du processus et \u00e0 nous assurer que nos solutions d\u00e9passent leurs attentes.<\/p><p><strong>Pourquoi Nous Choisir<\/strong><\/p><ul><li><strong>Expertise Approfondie<\/strong>: Notre \u00e9quipe poss\u00e8de une vaste expertise dans diverses technologies et industries, nous permettant de fournir des solutions pertinentes et efficaces.<\/li><li><strong>Approche Personnalis\u00e9e<\/strong>: Chaque client est unique, c&#8217;est pourquoi nous adaptons nos solutions pour r\u00e9pondre aux besoins sp\u00e9cifiques de votre entreprise.<\/li><li><strong>R\u00e9sultats Tangibles<\/strong>: Nous nous engageons \u00e0 fournir des r\u00e9sultats concrets et mesurables qui contribuent \u00e0 la croissance et \u00e0 la r\u00e9ussite de nos clients.<\/li><\/ul><p>Rejoignez-nous dans notre voyage pour transformer les d\u00e9fis technologiques en opportunit\u00e9s strat\u00e9giques. Contactez-nous aujourd&#8217;hui pour discuter de la fa\u00e7on dont nous pouvons collaborer pour propulser votre entreprise vers de nouveaux sommets.<\/p><p>L&#8217;\u00e9quipe de A2A EXPERTISE<\/p>\t\t\t\t\t\t<\/div>\n\t\t\t\t<\/div>\n\t\t\t\t\t<\/div>\n\t\t<\/div>\n\t\t\t\t\t\t\t<\/div>\n\t\t<\/section>\n\t\t\t\t\t<\/div>\n\t\t<\/div>\n\t\t\t\t\t\t\t<\/div>\n\t\t<\/section>\n\t\t\t\t<section class=\"elementor-section elementor-top-section elementor-element elementor-element-2b578e3 elementor-section-stretched elementor-section-boxed elementor-section-height-default elementor-section-height-default\" data-id=\"2b578e3\" data-element_type=\"section\" data-settings=\"{&quot;stretch_section&quot;:&quot;section-stretched&quot;,&quot;background_background&quot;:&quot;classic&quot;}\">\n\t\t\t\t\t\t<div class=\"elementor-container elementor-column-gap-default\">\n\t\t\t\t\t<div class=\"elementor-column elementor-col-100 elementor-top-column elementor-element elementor-element-03fb2e1\" data-id=\"03fb2e1\" data-element_type=\"column\">\n\t\t\t<div class=\"elementor-widget-wrap elementor-element-populated\">\n\t\t\t\t\t\t\t\t<section class=\"elementor-section elementor-inner-section elementor-element elementor-element-bb5b5a9 elementor-section-boxed elementor-section-height-default elementor-section-height-default\" data-id=\"bb5b5a9\" data-element_type=\"section\">\n\t\t\t\t\t\t<div class=\"elementor-container elementor-column-gap-default\">\n\t\t\t\t\t<div class=\"elementor-column elementor-col-100 elementor-inner-column elementor-element elementor-element-030e0b5\" data-id=\"030e0b5\" data-element_type=\"column\">\n\t\t\t<div class=\"elementor-widget-wrap elementor-element-populated\">\n\t\t\t\t\t\t\t\t<div class=\"elementor-element elementor-element-a5858fd elementor-widget elementor-widget-rs-heading\" data-id=\"a5858fd\" data-element_type=\"widget\" data-widget_type=\"rs-heading.default\">\n\t\t\t\t<div class=\"elementor-widget-container\">\n\t\t\t        <div class=\"rs-heading style15 center \">\r\n        \t<div class=\"title-inner\">        \t\t      \t\t\r\n\t            <span class=\"sub-text \">Contact<\/span><h2 class=\"title\"><span class=\"watermark\"><\/span>SOLLICITEZ-NOUS<\/h2>\t\t\t\t\t        <\/div>\r\n\t                <\/div>\r\n\r\n        \t\t<\/div>\n\t\t\t\t<\/div>\n\t\t\t\t\t<\/div>\n\t\t<\/div>\n\t\t\t\t\t\t\t<\/div>\n\t\t<\/section>\n\t\t\t\t\t<\/div>\n\t\t<\/div>\n\t\t\t\t\t\t\t<\/div>\n\t\t<\/section>\n\t\t\t\t<section class=\"elementor-section elementor-top-section elementor-element elementor-element-add0d98 elementor-section-full_width elementor-section-height-default elementor-section-height-default\" data-id=\"add0d98\" data-element_type=\"section\" data-settings=\"{&quot;background_background&quot;:&quot;gradient&quot;,&quot;shape_divider_bottom&quot;:&quot;tilt&quot;}\">\n\t\t\t\t\t<div class=\"elementor-shape elementor-shape-bottom\" data-negative=\"false\">\n\t\t\t<svg xmlns=\"http:\/\/www.w3.org\/2000\/svg\" viewBox=\"0 0 1000 100\" preserveAspectRatio=\"none\">\n\t<path class=\"elementor-shape-fill\" d=\"M0,6V0h1000v100L0,6z\"\/>\n<\/svg>\t\t<\/div>\n\t\t\t\t\t<div class=\"elementor-container elementor-column-gap-default\">\n\t\t\t\t\t<div class=\"elementor-column elementor-col-50 elementor-top-column elementor-element elementor-element-a16aa1c\" data-id=\"a16aa1c\" data-element_type=\"column\" data-settings=\"{&quot;background_background&quot;:&quot;classic&quot;}\">\n\t\t\t<div class=\"elementor-widget-wrap\">\n\t\t\t\t\t\t\t\t\t<\/div>\n\t\t<\/div>\n\t\t\t\t<div class=\"elementor-column elementor-col-50 elementor-top-column elementor-element elementor-element-b24cf7f\" data-id=\"b24cf7f\" data-element_type=\"column\">\n\t\t\t<div class=\"elementor-widget-wrap elementor-element-populated\">\n\t\t\t\t\t\t\t\t<div class=\"elementor-element elementor-element-6ff5adb elementor-widget elementor-widget-rs-cf7\" data-id=\"6ff5adb\" data-element_type=\"widget\" data-widget_type=\"rs-cf7.default\">\n\t\t\t\t<div class=\"elementor-widget-container\">\n\t\t\t\n<div class=\"wpcf7 no-js\" id=\"wpcf7-f11861-o1\" lang=\"en-US\" dir=\"ltr\">\n<div class=\"screen-reader-response\"><p role=\"status\" aria-live=\"polite\" aria-atomic=\"true\"><\/p> <ul><\/ul><\/div>\n<form action=\"\/index.php?rest_route=%2Fwp%2Fv2%2Fpages%2F12164#wpcf7-f11861-o1\" method=\"post\" class=\"wpcf7-form init\" aria-label=\"Contact form\" novalidate=\"novalidate\" data-status=\"init\">\n<div style=\"display: none;\">\n<input type=\"hidden\" name=\"_wpcf7\" value=\"11861\" \/>\n<input type=\"hidden\" name=\"_wpcf7_version\" value=\"5.8\" \/>\n<input type=\"hidden\" name=\"_wpcf7_locale\" value=\"en_US\" \/>\n<input type=\"hidden\" name=\"_wpcf7_unit_tag\" value=\"wpcf7-f11861-o1\" \/>\n<input type=\"hidden\" name=\"_wpcf7_container_post\" value=\"0\" \/>\n<input type=\"hidden\" name=\"_wpcf7_posted_data_hash\" value=\"\" \/>\n<input type=\"hidden\" name=\"_wpcf7_recaptcha_response\" value=\"\" \/>\n<\/div>\n<div class=\"row\">\n\t<div class=\"col-sm-12\">\n\t\t<p><span class=\"wpcf7-form-control-wrap\" data-name=\"your-name\"><input size=\"40\" class=\"wpcf7-form-control wpcf7-text wpcf7-validates-as-required\" aria-required=\"true\" aria-invalid=\"false\" placeholder=\"Pr\u00e9nom Nom\" value=\"\" type=\"text\" name=\"your-name\" \/><\/span>\n\t\t<\/p>\n\t<\/div>\n\t<div class=\"col-sm-12\">\n\t\t<p><span class=\"wpcf7-form-control-wrap\" data-name=\"your-email\"><input size=\"40\" class=\"wpcf7-form-control wpcf7-email wpcf7-validates-as-required wpcf7-text wpcf7-validates-as-email\" aria-required=\"true\" aria-invalid=\"false\" placeholder=\"E-Mail\" value=\"\" type=\"email\" name=\"your-email\" \/><\/span>\n\t\t<\/p>\n\t<\/div>\n\t<div class=\"col-sm-12\">\n\t\t<p><span class=\"wpcf7-form-control-wrap\" data-name=\"your-subject\"><input size=\"40\" class=\"wpcf7-form-control wpcf7-text wpcf7-validates-as-required\" aria-required=\"true\" aria-invalid=\"false\" placeholder=\"Objet\" value=\"\" type=\"text\" name=\"your-subject\" \/><\/span>\n\t\t<\/p>\n\t<\/div>\n\t<div class=\"col-sm-12\">\n\t\t<p><span class=\"wpcf7-form-control-wrap\" data-name=\"your-message\"><textarea cols=\"40\" rows=\"10\" class=\"wpcf7-form-control wpcf7-textarea wpcf7-validates-as-required\" aria-required=\"true\" aria-invalid=\"false\" placeholder=\"Votre Message\" name=\"your-message\"><\/textarea><\/span>\n\t\t<\/p>\n\t<\/div>\n\n\t<div class=\"form-button col-sm-12\">\n\t\t<p class=\"submit-btn\"><input class=\"wpcf7-form-control wpcf7-submit has-spinner\" type=\"submit\" value=\"Envoyer\" \/>\n\t\t<\/p>\n\t<\/div>\n<\/div><p style=\"display: none !important;\"><label>&#916;<textarea name=\"_wpcf7_ak_hp_textarea\" cols=\"45\" rows=\"8\" maxlength=\"100\"><\/textarea><\/label><input type=\"hidden\" id=\"ak_js_1\" name=\"_wpcf7_ak_js\" value=\"211\"\/><script>document.getElementById( \"ak_js_1\" ).setAttribute( \"value\", ( new Date() ).getTime() );<\/script><\/p><div class=\"wpcf7-response-output\" aria-hidden=\"true\"><\/div>\n<\/form>\n<\/div>\n\t\t<\/div>\n\t\t\t\t<\/div>\n\t\t\t\t\t<\/div>\n\t\t<\/div>\n\t\t\t\t\t\t\t<\/div>\n\t\t<\/section>\n\t\t\t\t\t\t\t<\/div>\n\t\t","protected":false},"excerpt":{"rendered":"<p>QUI SOMMES NOUS ? Notre expertise au service de la r\u00e9ussite vos entreprises Bienvenue chez A2A EXPERTISE, votre partenaire en solutions informatiques et en consultation technologique. Depuis notre fondation en 2018, nous nous sommes engag\u00e9s \u00e0 aider les entreprises \u00e0 naviguer avec succ\u00e8s dans le paysage num\u00e9rique en constante \u00e9volution. Notre Mission Notre mission est&#8230;<\/p>\n","protected":false},"author":1,"featured_media":23430,"parent":0,"menu_order":0,"comment_status":"closed","ping_status":"closed","template":"","meta":{"_monsterinsights_skip_tracking":false,"_monsterinsights_sitenote_active":false,"_monsterinsights_sitenote_note":"","_monsterinsights_sitenote_category":0,"footnotes":""},"class_list":["post-12164","page","type-page","status-publish","has-post-thumbnail","hentry"],"aioseo_notices":[],"_links":{"self":[{"href":"https:\/\/staging.a2a-expertise.com\/index.php?rest_route=\/wp\/v2\/pages\/12164","targetHints":{"allow":["GET"]}}],"collection":[{"href":"https:\/\/staging.a2a-expertise.com\/index.php?rest_route=\/wp\/v2\/pages"}],"about":[{"href":"https:\/\/staging.a2a-expertise.com\/index.php?rest_route=\/wp\/v2\/types\/page"}],"author":[{"embeddable":true,"href":"https:\/\/staging.a2a-expertise.com\/index.php?rest_route=\/wp\/v2\/users\/1"}],"replies":[{"embeddable":true,"href":"https:\/\/staging.a2a-expertise.com\/index.php?rest_route=%2Fwp%2Fv2%2Fcomments&post=12164"}],"version-history":[{"count":193,"href":"https:\/\/staging.a2a-expertise.com\/index.php?rest_route=\/wp\/v2\/pages\/12164\/revisions"}],"predecessor-version":[{"id":26000,"href":"https:\/\/staging.a2a-expertise.com\/index.php?rest_route=\/wp\/v2\/pages\/12164\/revisions\/26000"}],"wp:featuredmedia":[{"embeddable":true,"href":"https:\/\/staging.a2a-expertise.com\/index.php?rest_route=\/wp\/v2\/media\/23430"}],"wp:attachment":[{"href":"https:\/\/staging.a2a-expertise.com\/index.php?rest_route=%2Fwp%2Fv2%2Fmedia&parent=12164"}],"curies":[{"name":"wp","href":"https:\/\/api.w.org\/{rel}","templated":true}]}}